{"id":20,"date":"2026-02-12T20:04:42","date_gmt":"2026-02-12T20:04:42","guid":{"rendered":"https:\/\/elec-clim-toulouse.fr\/?page_id=20"},"modified":"2026-02-12T21:24:33","modified_gmt":"2026-02-12T21:24:33","slug":"accueil","status":"publish","type":"page","link":"https:\/\/elec-clim-toulouse.fr\/","title":{"rendered":"Accueil"},"content":{"rendered":"\n<p>\u00c9lectricien &amp; Climatisation \u00e0 Toulouse<\/p>\n\n\n\n<p>Elec Clim Toulouse est sp\u00e9cialis\u00e9 dans l\u2019\u00e9lectricit\u00e9 g\u00e9n\u00e9rale et l\u2019installation de climatisation pour les particuliers et les professionnels.<\/p>\n\n\n\n<p>Nous intervenons rapidement sur Toulouse et toute la m\u00e9tropole pour vos installations, r\u00e9novations et d\u00e9pannages.<\/p>\n\n\n\n<p>Intervention rapide \u2014 Devis gratuit \u2014 Travail soign\u00e9<\/p>\n\n\n\n<div class=\"wp-block-buttons is-layout-flex wp-block-buttons-is-layout-flex\">\n<div class=\"wp-block-button is-style-fill\"><a class=\"wp-block-button__link wp-element-button\" href=\"tel:0613303664\">Appeler maintenant <\/a><\/div>\n<\/div>\n\n\n\n<p>Nos services<\/p>\n\n\n\n<p>Installation de climatisation<br>Installation de syst\u00e8mes de climatisation performants et \u00e9conomiques adapt\u00e9s \u00e0 votre logement ou local professionnel.<\/p>\n\n\n\n<p>\u00c9lectricit\u00e9 g\u00e9n\u00e9rale (neuf et r\u00e9novation)<br>Installation compl\u00e8te, mise aux normes, r\u00e9novation \u00e9lectrique et d\u00e9pannage.<\/p>\n\n\n\n<p>Bornes de recharge pour v\u00e9hicules \u00e9lectriques<br>Installation de bornes de recharge \u00e0 domicile ou en entreprise.<\/p>\n\n\n\n<p>Domotique et maison connect\u00e9e<br>Installation de solutions intelligentes pour am\u00e9liorer votre confort et r\u00e9duire votre consommation d\u2019\u00e9nergie.<\/p>\n\n\n\n<p>Installation et entretien de VMC<br>Pose et maintenance de syst\u00e8mes de ventilation pour un air sain dans votre logement.<\/p>\n\n\n\n<p>D\u00e9pannage \u00e9lectrique rapide<br>Intervention rapide en cas de panne \u00e9lectrique ou de probl\u00e8me de climatisation.<\/p>\n\n\n\n<p>Zone d\u2019intervention<\/p>\n\n\n\n<p>Nous intervenons \u00e0 Toulouse et dans toute la m\u00e9tropole :<br>Blagnac, Colomiers, Tournefeuille, Balma, L\u2019Union, Ramonville et alentours.<\/p>\n\n\n\n<p>Contact<\/p>\n\n\n\n<p>Pour toute demande d\u2019installation ou de d\u00e9pannage, contactez-nous :<\/p>\n\n\n\n<p>T\u00e9l\u00e9phone : 06 13 30 36 64<br>Email : contact@elec-clim-toulouse.fr<br>Devis gratuit.<\/p>\n\n\n\n<p><\/p>\n","protected":false},"excerpt":{"rendered":"<p>\u00c9lectricien &amp; Climatisation \u00e0 Toulouse Elec Clim Toulouse est sp\u00e9cialis\u00e9 dans l\u2019\u00e9lectricit\u00e9 g\u00e9n\u00e9rale et l\u2019installation de climatisation pour les particuliers [&hellip;]<\/p>\n","protected":false},"author":1,"featured_media":0,"parent":0,"menu_order":0,"comment_status":"closed","ping_status":"closed","template":"","meta":{"site-sidebar-layout":"default","site-content-layout":"","ast-site-content-layout":"default","site-content-style":"default","site-sidebar-style":"default","ast-global-header-display":"","ast-banner-title-visibility":"","ast-main-header-display":"","ast-hfb-above-header-display":"","ast-hfb-below-header-display":"","ast-hfb-mobile-header-display":"","site-post-title":"","ast-breadcrumbs-content":"","ast-featured-img":"","footer-sml-layout":"","ast-disable-related-posts":"","theme-transparent-header-meta":"","adv-header-id-meta":"","stick-header-meta":"","header-above-stick-meta":"","header-main-stick-meta":"","header-below-stick-meta":"","astra-migrate-meta-layouts":"default","ast-page-background-enabled":"default","ast-page-background-meta":{"desktop":{"background-color":"var(--ast-global-color-5)","background-image":"","background-repeat":"repeat","background-position":"center center","background-size":"auto","background-attachment":"scroll","background-type":"","background-media":"","overlay-type":"","overlay-color":"","overlay-opacity":"","overlay-gradient":""},"tablet":{"background-color":"","background-image":"","background-repeat":"repeat","background-position":"center center","background-size":"auto","background-attachment":"scroll","background-type":"","background-media":"","overlay-type":"","overlay-color":"","overlay-opacity":"","overlay-gradient":""},"mobile":{"background-color":"","background-image":"","background-repeat":"repeat","background-position":"center center","background-size":"auto","background-attachment":"scroll","background-type":"","background-media":"","overlay-type":"","overlay-color":"","overlay-opacity":"","overlay-gradient":""}},"ast-content-background-meta":{"desktop":{"background-color":"var(--ast-global-color-4)","background-image":"","background-repeat":"repeat","background-position":"center center","background-size":"auto","background-attachment":"scroll","background-type":"","background-media":"","overlay-type":"","overlay-color":"","overlay-opacity":"","overlay-gradient":""},"tablet":{"background-color":"var(--ast-global-color-4)","background-image":"","background-repeat":"repeat","background-position":"center center","background-size":"auto","background-attachment":"scroll","background-type":"","background-media":"","overlay-type":"","overlay-color":"","overlay-opacity":"","overlay-gradient":""},"mobile":{"background-color":"var(--ast-global-color-4)","background-image":"","background-repeat":"repeat","background-position":"center center","background-size":"auto","background-attachment":"scroll","background-type":"","background-media":"","overlay-type":"","overlay-color":"","overlay-opacity":"","overlay-gradient":""}},"footnotes":""},"class_list":["post-20","page","type-page","status-publish","hentry"],"_links":{"self":[{"href":"https:\/\/elec-clim-toulouse.fr\/index.php\/wp-json\/wp\/v2\/pages\/20","targetHints":{"allow":["GET"]}}],"collection":[{"href":"https:\/\/elec-clim-toulouse.fr\/index.php\/wp-json\/wp\/v2\/pages"}],"about":[{"href":"https:\/\/elec-clim-toulouse.fr\/index.php\/wp-json\/wp\/v2\/types\/page"}],"author":[{"embeddable":true,"href":"https:\/\/elec-clim-toulouse.fr\/index.php\/wp-json\/wp\/v2\/users\/1"}],"replies":[{"embeddable":true,"href":"https:\/\/elec-clim-toulouse.fr\/index.php\/wp-json\/wp\/v2\/comments?post=20"}],"version-history":[{"count":7,"href":"https:\/\/elec-clim-toulouse.fr\/index.php\/wp-json\/wp\/v2\/pages\/20\/revisions"}],"predecessor-version":[{"id":45,"href":"https:\/\/elec-clim-toulouse.fr\/index.php\/wp-json\/wp\/v2\/pages\/20\/revisions\/45"}],"wp:attachment":[{"href":"https:\/\/elec-clim-toulouse.fr\/index.php\/wp-json\/wp\/v2\/media?parent=20"}],"curies":[{"name":"wp","href":"https:\/\/api.w.org\/{rel}","templated":true}]}}